{"id":242,"date":"2026-02-25T18:16:08","date_gmt":"2026-02-25T18:16:08","guid":{"rendered":"https:\/\/suntechenergie.ca\/?page_id=242"},"modified":"2026-03-27T13:11:47","modified_gmt":"2026-03-27T13:11:47","slug":"subventions","status":"publish","type":"page","link":"https:\/\/suntechenergie.ca\/en\/subventions\/","title":{"rendered":"Grants"},"content":{"rendered":"\t\t<div data-elementor-type=\"wp-page\" data-elementor-id=\"242\" class=\"elementor elementor-242\" data-elementor-post-type=\"page\">\n\t\t\t\t<div class=\"elementor-element elementor-element-02737be e-flex e-con-boxed e-con e-parent\" data-id=\"02737be\" data-element_type=\"container\" data-e-type=\"container\" data-settings=\"{&quot;background_background&quot;:&quot;classic&quot;,&quot;background_motion_fx_motion_fx_scrolling&quot;:&quot;yes&quot;,&quot;background_motion_fx_devices&quot;:[&quot;desktop&quot;,&quot;tablet&quot;,&quot;mobile&quot;]}\">\n\t\t\t\t\t<div class=\"e-con-inner\">\n\t\t<div class=\"elementor-element elementor-element-f9a87be e-flex e-con-boxed e-con e-child\" data-id=\"f9a87be\" data-element_type=\"container\" data-e-type=\"container\">\n\t\t\t\t\t<div class=\"e-con-inner\">\n\t\t\t\t<div class=\"elementor-element elementor-element-cee0025 elementor-widget elementor-widget-spacer\" data-id=\"cee0025\" data-element_type=\"widget\" data-e-type=\"widget\" data-widget_type=\"spacer.default\">\n\t\t\t\t\t\t\t<div class=\"elementor-spacer\">\n\t\t\t<div class=\"elementor-spacer-inner\"><\/div>\n\t\t<\/div>\n\t\t\t\t\t\t<\/div>\n\t\t\t\t<div class=\"elementor-element elementor-element-90726b3 elementor-widget__width-initial elementor-widget elementor-widget-heading\" data-id=\"90726b3\" data-element_type=\"widget\" data-e-type=\"widget\" data-widget_type=\"heading.default\">\n\t\t\t\t\t<h1 class=\"elementor-heading-title elementor-size-default\">Nouveau programme de subvention 2026<\/h1>\t\t\t\t<\/div>\n\t\t\t\t\t<\/div>\n\t\t\t\t<\/div>\n\t\t\t\t\t<\/div>\n\t\t\t\t<\/div>\n\t\t<div class=\"elementor-element elementor-element-ef737ff e-flex e-con-boxed e-con e-parent\" data-id=\"ef737ff\" data-element_type=\"container\" data-e-type=\"container\" data-settings=\"{&quot;background_background&quot;:&quot;classic&quot;}\">\n\t\t\t\t\t<div class=\"e-con-inner\">\n\t\t\t\t<div class=\"elementor-element elementor-element-205de09 elementor-widget elementor-widget-heading\" data-id=\"205de09\" data-element_type=\"widget\" data-e-type=\"widget\" data-widget_type=\"heading.default\">\n\t\t\t\t\t<h2 class=\"elementor-heading-title elementor-size-default\">Jusqu'\u00e0 40 % de votre\nsyst\u00e8me solaire subventionn\u00e9<\/h2>\t\t\t\t<\/div>\n\t\t\t\t<div class=\"elementor-element elementor-element-a10de52 elementor-widget__width-initial elementor-widget elementor-widget-text-editor\" data-id=\"a10de52\" data-element_type=\"widget\" data-e-type=\"widget\" data-widget_type=\"text-editor.default\">\n\t\t\t\t\t\t\t\t\t<p data-start=\"195\" data-end=\"505\">Le nouveau programme d\u2019Hydro-Qu\u00e9bec accorde jusqu\u2019\u00e0 1 000 $ par kW install\u00e9. <strong data-start=\"329\" data-end=\"434\">Pour les entreprises, un soutien suppl\u00e9mentaire peut s\u2019ajouter, augmentant l\u2019aide financi\u00e8re globale. <\/strong>Suntech vous accompagne de la soumission jusqu\u2019\u00e0 la mise en service.<\/p><p data-start=\"507\" data-end=\"719\"><strong data-start=\"507\" data-end=\"568\">Ajoutez jusqu\u2019\u00e0 30 % avec le cr\u00e9dit d\u2019imp\u00f4t f\u00e9d\u00e9ral (ITC)<\/strong><br data-start=\"568\" data-end=\"571\" \/>Les entreprises admissibles peuvent \u00e9galement b\u00e9n\u00e9ficier d\u2019un cr\u00e9dit d\u2019imp\u00f4t pour technologies propres pouvant atteindre 30 % des co\u00fbts admissibles.<\/p><p><small data-start=\"721\" data-end=\"871\"><em data-start=\"721\" data-end=\"871\">Conditions applicables. L\u2019admissibilit\u00e9 aux programmes et les montants peuvent varier et \u00eatre modifi\u00e9s sans pr\u00e9avis. Une validation est recommand\u00e9e.<\/em><\/small><\/p>\t\t\t\t\t\t\t\t<\/div>\n\t\t<div class=\"elementor-element elementor-element-de5e9b9 e-grid e-con-full e-con e-child\" data-id=\"de5e9b9\" data-element_type=\"container\" data-e-type=\"container\">\n\t\t\t\t<div class=\"elementor-element elementor-element-adba583 elementor-widget elementor-widget-counter\" data-id=\"adba583\" data-element_type=\"widget\" data-e-type=\"widget\" data-widget_type=\"counter.default\">\n\t\t\t\t\t\t\t<div class=\"elementor-counter\">\n\t\t\t<div class=\"elementor-counter-title\">par kW install\u00e9<\/div>\t\t\t<div class=\"elementor-counter-number-wrapper\">\n\t\t\t\t<span class=\"elementor-counter-number-prefix\"><\/span>\n\t\t\t\t<span class=\"elementor-counter-number\" data-duration=\"500\" data-to-value=\"1000\" data-from-value=\"0\" data-delimiter=\" \">0<\/span>\n\t\t\t\t<span class=\"elementor-counter-number-suffix\">$<\/span>\n\t\t\t<\/div>\n\t\t<\/div>\n\t\t\t\t\t\t<\/div>\n\t\t\t\t<div class=\"elementor-element elementor-element-1c25d06 elementor-widget elementor-widget-counter\" data-id=\"1c25d06\" data-element_type=\"widget\" data-e-type=\"widget\" data-widget_type=\"counter.default\">\n\t\t\t\t\t\t\t<div class=\"elementor-counter\">\n\t\t\t<div class=\"elementor-counter-title\">maximum du co\u00fbt total<\/div>\t\t\t<div class=\"elementor-counter-number-wrapper\">\n\t\t\t\t<span class=\"elementor-counter-number-prefix\"><\/span>\n\t\t\t\t<span class=\"elementor-counter-number\" data-duration=\"500\" data-to-value=\"40\" data-from-value=\"0\" data-delimiter=\" \">0<\/span>\n\t\t\t\t<span class=\"elementor-counter-number-suffix\">%<\/span>\n\t\t\t<\/div>\n\t\t<\/div>\n\t\t\t\t\t\t<\/div>\n\t\t\t\t<div class=\"elementor-element elementor-element-579e87b elementor-widget elementor-widget-counter\" data-id=\"579e87b\" data-element_type=\"widget\" data-e-type=\"widget\" data-widget_type=\"counter.default\">\n\t\t\t\t\t\t\t<div class=\"elementor-counter\">\n\t\t\t<div class=\"elementor-counter-title\">de garantie panneaux<\/div>\t\t\t<div class=\"elementor-counter-number-wrapper\">\n\t\t\t\t<span class=\"elementor-counter-number-prefix\"><\/span>\n\t\t\t\t<span class=\"elementor-counter-number\" data-duration=\"500\" data-to-value=\"30\" data-from-value=\"0\" data-delimiter=\" \">0<\/span>\n\t\t\t\t<span class=\"elementor-counter-number-suffix\"> ans<\/span>\n\t\t\t<\/div>\n\t\t<\/div>\n\t\t\t\t\t\t<\/div>\n\t\t\t\t<\/div>\n\t\t\t\t\t<\/div>\n\t\t\t\t<\/div>\n\t\t<div class=\"elementor-element elementor-element-de251e8 e-flex e-con-boxed e-con e-parent\" data-id=\"de251e8\" data-element_type=\"container\" data-e-type=\"container\">\n\t\t\t\t\t<div class=\"e-con-inner\">\n\t\t<div class=\"elementor-element elementor-element-03ee419 e-con-full e-flex e-con e-child\" data-id=\"03ee419\" data-element_type=\"container\" data-e-type=\"container\">\n\t\t\t\t<div class=\"elementor-element elementor-element-875a5e7 elementor-widget elementor-widget-heading\" data-id=\"875a5e7\" data-element_type=\"widget\" data-e-type=\"widget\" data-widget_type=\"heading.default\">\n\t\t\t\t\t<h2 class=\"elementor-heading-title elementor-size-default\">Comment fonctionne la subvention solaire?<\/h2>\t\t\t\t<\/div>\n\t\t\t\t<div class=\"elementor-element elementor-element-b8f3f6e elementor-widget elementor-widget-text-editor\" data-id=\"b8f3f6e\" data-element_type=\"widget\" data-e-type=\"widget\" data-widget_type=\"text-editor.default\">\n\t\t\t\t\t\t\t\t\t<p data-start=\"1509\" data-end=\"1726\">Ce programme repr\u00e9sente une opportunit\u00e9 unique pour les propri\u00e9taires qu\u00e9b\u00e9cois.<\/p><p data-start=\"2431\" data-end=\"2563\"><strong data-start=\"2431\" data-end=\"2455\">1. Analyse du projet<\/strong><br data-start=\"2455\" data-end=\"2458\" \/>Nous \u00e9valuons votre toiture, votre consommation et le type de syst\u00e8me qui conviendrait \u00e0 votre r\u00e9sidence.<\/p><p data-start=\"2565\" data-end=\"2706\"><strong data-start=\"2565\" data-end=\"2603\">2. Estimation de l\u2019aide financi\u00e8re<\/strong><br data-start=\"2603\" data-end=\"2606\" \/>Nous calculons une estimation r\u00e9aliste de l\u2019aide potentielle selon la puissance du syst\u00e8me envisag\u00e9.<\/p><p data-start=\"2708\" data-end=\"2856\"><strong data-start=\"2708\" data-end=\"2745\">3. Installation et accompagnement<\/strong><br data-start=\"2745\" data-end=\"2748\" \/>Nous vous guidons dans le choix des \u00e9quipements, la soumission et les prochaines \u00e9tapes vers l\u2019installation.<\/p>\t\t\t\t\t\t\t\t<\/div>\n\t\t\t\t<\/div>\n\t\t<div class=\"elementor-element elementor-element-dc41740 e-con-full e-flex e-con e-child\" data-id=\"dc41740\" data-element_type=\"container\" data-e-type=\"container\" data-settings=\"{&quot;background_background&quot;:&quot;classic&quot;}\">\n\t\t\t\t<div class=\"elementor-element elementor-element-315917d elementor-widget elementor-widget-heading\" data-id=\"315917d\" data-element_type=\"widget\" data-e-type=\"widget\" data-widget_type=\"heading.default\">\n\t\t\t\t\t<h3 class=\"elementor-heading-title elementor-size-default\">R\u00e9sidentiel<\/h3>\t\t\t\t<\/div>\n\t\t\t\t<div class=\"elementor-element elementor-element-6399515 elementor-widget-divider--view-line elementor-widget elementor-widget-divider\" data-id=\"6399515\" data-element_type=\"widget\" data-e-type=\"widget\" data-widget_type=\"divider.default\">\n\t\t\t\t\t\t\t<div class=\"elementor-divider\">\n\t\t\t<span class=\"elementor-divider-separator\">\n\t\t\t\t\t\t<\/span>\n\t\t<\/div>\n\t\t\t\t\t\t<\/div>\n\t\t\t\t<div class=\"elementor-element elementor-element-4f3487d elementor-widget elementor-widget-heading\" data-id=\"4f3487d\" data-element_type=\"widget\" data-e-type=\"widget\" data-widget_type=\"heading.default\">\n\t\t\t\t\t<h2 class=\"elementor-heading-title elementor-size-default\">Calculez votre subvention<\/h2>\t\t\t\t<\/div>\n\t\t\t\t<div class=\"elementor-element elementor-element-d0111f2 elementor-widget elementor-widget-text-editor\" data-id=\"d0111f2\" data-element_type=\"widget\" data-e-type=\"widget\" data-widget_type=\"text-editor.default\">\n\t\t\t\t\t\t\t\t\t<p data-start=\"1509\" data-end=\"1726\">Ajustez la puissance de votre syst\u00e8me pour estimer l&rsquo;aide financi\u00e8re et vos \u00e9conomies sur 30 ans.<\/p>\t\t\t\t\t\t\t\t<\/div>\n\t\t\t\t<div class=\"elementor-element elementor-element-046b01a elementor-widget elementor-widget-button\" data-id=\"046b01a\" data-element_type=\"widget\" data-e-type=\"widget\" data-widget_type=\"button.default\">\n\t\t\t\t\t\t\t\t\t\t<a class=\"elementor-button elementor-button-link elementor-size-sm\" href=\"#elementor-action%3Aaction%3Dpopup%3Aopen%26settings%3DeyJpZCI6Ijc1NyIsInRvZ2dsZSI6ZmFsc2V9\">\n\t\t\t\t\t\t<span class=\"elementor-button-content-wrapper\">\n\t\t\t\t\t\t\t\t\t<span class=\"elementor-button-text\">Cliquez ici<\/span>\n\t\t\t\t\t<\/span>\n\t\t\t\t\t<\/a>\n\t\t\t\t\t\t\t\t<\/div>\n\t\t\t\t<\/div>\n\t\t<div class=\"elementor-element elementor-element-b5711b4 e-con-full e-flex e-con e-child\" data-id=\"b5711b4\" data-element_type=\"container\" data-e-type=\"container\" data-settings=\"{&quot;background_background&quot;:&quot;classic&quot;}\">\n\t\t\t\t<div class=\"elementor-element elementor-element-abb3de6 elementor-widget elementor-widget-heading\" data-id=\"abb3de6\" data-element_type=\"widget\" data-e-type=\"widget\" data-widget_type=\"heading.default\">\n\t\t\t\t\t<h3 class=\"elementor-heading-title elementor-size-default\">Commercial<\/h3>\t\t\t\t<\/div>\n\t\t\t\t<div class=\"elementor-element elementor-element-f7db93f elementor-widget-divider--view-line elementor-widget elementor-widget-divider\" data-id=\"f7db93f\" data-element_type=\"widget\" data-e-type=\"widget\" data-widget_type=\"divider.default\">\n\t\t\t\t\t\t\t<div class=\"elementor-divider\">\n\t\t\t<span class=\"elementor-divider-separator\">\n\t\t\t\t\t\t<\/span>\n\t\t<\/div>\n\t\t\t\t\t\t<\/div>\n\t\t\t\t<div class=\"elementor-element elementor-element-f3145ed elementor-widget elementor-widget-heading\" data-id=\"f3145ed\" data-element_type=\"widget\" data-e-type=\"widget\" data-widget_type=\"heading.default\">\n\t\t\t\t\t<h2 class=\"elementor-heading-title elementor-size-default\">Calculez votre subvention<\/h2>\t\t\t\t<\/div>\n\t\t\t\t<div class=\"elementor-element elementor-element-ff39fa2 elementor-widget elementor-widget-text-editor\" data-id=\"ff39fa2\" data-element_type=\"widget\" data-e-type=\"widget\" data-widget_type=\"text-editor.default\">\n\t\t\t\t\t\t\t\t\t<p data-start=\"1509\" data-end=\"1726\">Ajustez la puissance de votre syst\u00e8me pour estimer l&rsquo;aide financi\u00e8re et vos \u00e9conomies sur 30 ans.<\/p>\t\t\t\t\t\t\t\t<\/div>\n\t\t\t\t<div class=\"elementor-element elementor-element-bc44d29 elementor-widget elementor-widget-button\" data-id=\"bc44d29\" data-element_type=\"widget\" data-e-type=\"widget\" data-widget_type=\"button.default\">\n\t\t\t\t\t\t\t\t\t\t<a class=\"elementor-button elementor-button-link elementor-size-sm\" href=\"#elementor-action%3Aaction%3Dpopup%3Aopen%26settings%3DeyJpZCI6IjEwNTEiLCJ0b2dnbGUiOmZhbHNlfQ%3D%3D\">\n\t\t\t\t\t\t<span class=\"elementor-button-content-wrapper\">\n\t\t\t\t\t\t\t\t\t<span class=\"elementor-button-text\">Cliquez ici<\/span>\n\t\t\t\t\t<\/span>\n\t\t\t\t\t<\/a>\n\t\t\t\t\t\t\t\t<\/div>\n\t\t\t\t<\/div>\n\t\t\t\t\t<\/div>\n\t\t\t\t<\/div>\n\t\t<div class=\"elementor-element elementor-element-4e6954a e-flex e-con-boxed e-con e-parent\" data-id=\"4e6954a\" data-element_type=\"container\" data-e-type=\"container\" data-settings=\"{&quot;background_background&quot;:&quot;classic&quot;}\">\n\t\t\t\t\t<div class=\"e-con-inner\">\n\t\t<div class=\"elementor-element elementor-element-66f5f8c e-con-full e-flex e-con e-child\" data-id=\"66f5f8c\" data-element_type=\"container\" data-e-type=\"container\">\n\t\t\t\t<div class=\"elementor-element elementor-element-d61a868 elementor-widget elementor-widget-heading\" data-id=\"d61a868\" data-element_type=\"widget\" data-e-type=\"widget\" data-widget_type=\"heading.default\">\n\t\t\t\t\t<h2 class=\"elementor-heading-title elementor-size-default\">Pourquoi faire affaire avec Suntech \u00c9nergie?<\/h2>\t\t\t\t<\/div>\n\t\t\t\t<\/div>\n\t\t<div class=\"elementor-element elementor-element-45a847a e-con-full e-flex e-con e-child\" data-id=\"45a847a\" data-element_type=\"container\" data-e-type=\"container\">\n\t\t\t\t<div class=\"elementor-element elementor-element-176ce84 elementor-widget elementor-widget-text-editor\" data-id=\"176ce84\" data-element_type=\"widget\" data-e-type=\"widget\" data-widget_type=\"text-editor.default\">\n\t\t\t\t\t\t\t\t\t<p>Chez Suntech \u00c9nergie, nous ne faisons pas que vendre des panneaux. Nous concevons des solutions solaires adapt\u00e9es \u00e0 la r\u00e9alit\u00e9 de chaque propri\u00e9t\u00e9, avec un accompagnement clair du d\u00e9but \u00e0 la fin.<\/p>\t\t\t\t\t\t\t\t<\/div>\n\t\t\t\t<\/div>\n\t\t\t\t\t<\/div>\n\t\t\t\t<\/div>\n\t\t\t\t<\/div>\n\t\t","protected":false},"excerpt":{"rendered":"<p>Nouveau programme de subvention 2026 Jusqu&rsquo;\u00e0 40 % de votre syst\u00e8me solaire subventionn\u00e9 Le nouveau programme d\u2019Hydro-Qu\u00e9bec accorde jusqu\u2019\u00e0 1 000 $ par kW install\u00e9. Pour les entreprises, un soutien suppl\u00e9mentaire peut s\u2019ajouter, augmentant l\u2019aide financi\u00e8re globale. Suntech vous accompagne de la soumission jusqu\u2019\u00e0 la mise en service. Ajoutez jusqu\u2019\u00e0 30 % avec le cr\u00e9dit [&hellip;]<\/p>\n","protected":false},"author":1,"featured_media":0,"parent":0,"menu_order":0,"comment_status":"closed","ping_status":"closed","template":"","meta":{"footnotes":""},"class_list":["post-242","page","type-page","status-publish","hentry"],"_links":{"self":[{"href":"https:\/\/suntechenergie.ca\/en\/wp-json\/wp\/v2\/pages\/242","targetHints":{"allow":["GET"]}}],"collection":[{"href":"https:\/\/suntechenergie.ca\/en\/wp-json\/wp\/v2\/pages"}],"about":[{"href":"https:\/\/suntechenergie.ca\/en\/wp-json\/wp\/v2\/types\/page"}],"author":[{"embeddable":true,"href":"https:\/\/suntechenergie.ca\/en\/wp-json\/wp\/v2\/users\/1"}],"replies":[{"embeddable":true,"href":"https:\/\/suntechenergie.ca\/en\/wp-json\/wp\/v2\/comments?post=242"}],"version-history":[{"count":5,"href":"https:\/\/suntechenergie.ca\/en\/wp-json\/wp\/v2\/pages\/242\/revisions"}],"predecessor-version":[{"id":1382,"href":"https:\/\/suntechenergie.ca\/en\/wp-json\/wp\/v2\/pages\/242\/revisions\/1382"}],"wp:attachment":[{"href":"https:\/\/suntechenergie.ca\/en\/wp-json\/wp\/v2\/media?parent=242"}],"curies":[{"name":"wp","href":"https:\/\/api.w.org\/{rel}","templated":true}]}}